{"id":131,"date":"2024-02-06T16:23:13","date_gmt":"2024-02-06T15:23:13","guid":{"rendered":"https:\/\/benlhajlahsen.fr\/?page_id=131"},"modified":"2024-02-06T16:28:05","modified_gmt":"2024-02-06T15:28:05","slug":"tipe","status":"publish","type":"page","link":"https:\/\/benlhajlahsen.fr\/index.php\/tipe\/","title":{"rendered":"TIPE"},"content":{"rendered":"\n<p>Un premier document pour vous aider \u00e0 cerner le sujet : <\/p>\n\n\n\n<a href = \/documents\/tipe\/Concevoir.pdf > Concevoir et re\u0301aliser des expe\u0301riences de physique <\/a>\n\n\n\n<hr>\nCe document donne quelques \u00e9l\u00e9ments pour \u00e9crire en Latex : \n<a href = \/documents\/latex\/tutoriel.pdf > tuto latex <\/a>\n\n","protected":false},"excerpt":{"rendered":"<p>Un premier document pour vous aider \u00e0 cerner le sujet : Concevoir et re\u0301aliser des expe\u0301riences de physique Ce document donne quelques \u00e9l\u00e9ments pour \u00e9crire en Latex : tuto latex<\/p>\n","protected":false},"author":1,"featured_media":0,"parent":0,"menu_order":0,"comment_status":"closed","ping_status":"closed","template":"","meta":{"footnotes":""},"class_list":["post-131","page","type-page","status-publish","hentry"],"_links":{"self":[{"href":"https:\/\/benlhajlahsen.fr\/index.php\/wp-json\/wp\/v2\/pages\/131","targetHints":{"allow":["GET"]}}],"collection":[{"href":"https:\/\/benlhajlahsen.fr\/index.php\/wp-json\/wp\/v2\/pages"}],"about":[{"href":"https:\/\/benlhajlahsen.fr\/index.php\/wp-json\/wp\/v2\/types\/page"}],"author":[{"embeddable":true,"href":"https:\/\/benlhajlahsen.fr\/index.php\/wp-json\/wp\/v2\/users\/1"}],"replies":[{"embeddable":true,"href":"https:\/\/benlhajlahsen.fr\/index.php\/wp-json\/wp\/v2\/comments?post=131"}],"version-history":[{"count":3,"href":"https:\/\/benlhajlahsen.fr\/index.php\/wp-json\/wp\/v2\/pages\/131\/revisions"}],"predecessor-version":[{"id":135,"href":"https:\/\/benlhajlahsen.fr\/index.php\/wp-json\/wp\/v2\/pages\/131\/revisions\/135"}],"wp:attachment":[{"href":"https:\/\/benlhajlahsen.fr\/index.php\/wp-json\/wp\/v2\/media?parent=131"}],"curies":[{"name":"wp","href":"https:\/\/api.w.org\/{rel}","templated":true}]}}